{"id":17524,"date":"2022-06-10T17:29:43","date_gmt":"2022-06-10T21:29:43","guid":{"rendered":"https:\/\/www.tedic.org\/equipo\/"},"modified":"2026-02-03T13:00:33","modified_gmt":"2026-02-03T16:00:33","slug":"team","status":"publish","type":"page","link":"https:\/\/www.tedic.org\/en\/team\/","title":{"rendered":"Team"},"content":{"rendered":"\n<div class=\"wp-block-columns is-layout-flex wp-container-core-columns-is-layout-9d6595d7 wp-block-columns-is-layout-flex\">\n<div class=\"wp-block-column is-layout-flow wp-block-column-is-layout-flow\" style=\"flex-basis:100%\"><\/div>\n<\/div>\n\n\n\n<div class=\"wp-block-columns is-layout-flex wp-container-core-columns-is-layout-9d6595d7 wp-block-columns-is-layout-flex\">\n<div class=\"wp-block-column is-layout-flow wp-block-column-is-layout-flow\" style=\"flex-basis:100%\">\n<div class=\"wp-block-columns is-layout-flex wp-container-core-columns-is-layout-9d6595d7 wp-block-columns-is-layout-flex\">\n<div class=\"wp-block-column is-layout-flow wp-block-column-is-layout-flow\">\n<div class=\"wp-block-media-text alignwide is-stacked-on-mobile\"><figure class=\"wp-block-media-text__media\"><img decoding=\"async\" src=\"https:\/\/www.tedic.org\/wp-content\/uploads\/2025\/05\/mari.jpeg\" alt=\"\" class=\"wp-image-28924 size-full\"\/><\/figure><div class=\"wp-block-media-text__content\">\n<h3 class=\"wp-block-heading\">Maricarmen Sequera<\/h3>\n\n\n\n<h4 class=\"wp-block-heading\"><strong>Executive director at TEDIC<\/strong><\/h4>\n\n\n\n<p>Lawyer, Master&#8217;s degree in Intellectual Property from FLACSO Argentina. Specialist in Cybersecurity from the University of Le\u00f3n and in Technopolitics from the University of Barcelona. <\/p>\n\n\n\n<p>Recognized as one of the <a href=\"http:\/\/tdgi.org\/tech-diplomacy-global-50-2026\/\" data-type=\"link\" data-id=\"tdgi.org\/tech-diplomacy-global-50-2026\/\">50 most influential leaders in technology worldwide<\/a> in 2026 by the Tech Diplomacy Institute. 2023 Fellow in the Global Competitiveness Leadership (GCL) Latin America and Caribbean Studies program at Georgetown University. <a href=\"https:\/\/www.equalsintech.org\/post\/2021-equals-in-tech-awards-finalists\" data-type=\"link\" data-id=\"https:\/\/www.equalsintech.org\/post\/2021-equals-in-tech-awards-finalists\">Finalist of the 2021 EQUALS<\/a> in Tech Awards &#8211; UIT and named <a href=\"https:\/\/www.accessnow.org\/announcing-the-2015-heroes-villains-of-human-rights-and-communications-surveillance\/\" data-type=\"link\" data-id=\"https:\/\/www.accessnow.org\/announcing-the-2015-heroes-villains-of-human-rights-and-communications-surveillance\/\">Hero at Access Now\u2019s 2015<\/a> RightsCon Awards.<br \/><br \/>Member of the Latin America and Caribbean Regional Grants Committee of the Wikimedia Foundation \u2013 term 2023\u20132025. Member of the <a href=\"https:\/\/initiatives.weforum.org\/global-future-council-on-information-integrity\/members\">World Economic Forum\u2019s Global Future Councils network term 2025\u20132026.<\/a><br \/><br \/>She is a feminist and co-founder of TEDIC, a human rights organization focused on digital environments, gender inequalities, and their intersections. She conducts research and publications on technopolitics, digital rights, and gender.<\/p>\n<\/div><\/div>\n<\/div>\n<\/div>\n\n\n\n<div class=\"wp-block-media-text alignwide is-stacked-on-mobile\"><figure class=\"wp-block-media-text__media\"><img loading=\"lazy\" decoding=\"async\" width=\"1000\" height=\"1000\" src=\"https:\/\/www.tedic.org\/wp-content\/uploads\/2025\/12\/Diseno-sin-titulo.jpg\" alt=\"\" class=\"wp-image-30861 size-full\" srcset=\"https:\/\/www.tedic.org\/wp-content\/uploads\/2025\/12\/Diseno-sin-titulo.jpg 1000w, https:\/\/www.tedic.org\/wp-content\/uploads\/2025\/12\/Diseno-sin-titulo-300x300.jpg 300w, https:\/\/www.tedic.org\/wp-content\/uploads\/2025\/12\/Diseno-sin-titulo-150x150.jpg 150w, https:\/\/www.tedic.org\/wp-content\/uploads\/2025\/12\/Diseno-sin-titulo-768x768.jpg 768w, https:\/\/www.tedic.org\/wp-content\/uploads\/2025\/12\/Diseno-sin-titulo-120x120.jpg 120w\" sizes=\"auto, (max-width: 1000px) 100vw, 1000px\" \/><\/figure><div class=\"wp-block-media-text__content\">\n<h3 class=\"wp-block-heading\"><strong>Jazm\u00edn Ruiz D\u00edaz Figueredo<\/strong><br \/><\/h3>\n\n\n\n<p><strong><\/strong><strong>Project Coordinator for Gender and Technology<\/strong><\/p>\n\n\n\n<p>Communicator, researcher, and cultural manager. PhD in Culture, Media, and Creative Industries and Master\u2019s in Cultural and Creative Industries (King&#8217;s College London).<br \/>2025 Fellow in the Decolonial Futures program at the University of Amsterdam.<\/p>\n\n\n\n<p>She has over 15 years of experience working in media and cultural organizations. In her various roles, she is passionate about engaging in projects that allow her to contribute from a feminist and decolonial perspective.<\/p>\n\n\n\n<p>In her different roles, she is interested in participating in projects through a cultural, feminist, and intersectional lens.<\/p>\n<\/div><\/div>\n<\/div>\n<\/div>\n\n\n\n<div class=\"wp-block-columns is-layout-flex wp-container-core-columns-is-layout-9d6595d7 wp-block-columns-is-layout-flex\">\n<div class=\"wp-block-column is-layout-flow wp-block-column-is-layout-flow\" style=\"flex-basis:100%\">\n<div class=\"wp-block-columns is-layout-flex wp-container-core-columns-is-layout-9d6595d7 wp-block-columns-is-layout-flex\">\n<div class=\"wp-block-column is-layout-flow wp-block-column-is-layout-flow\">\n<div class=\"wp-block-media-text alignwide is-stacked-on-mobile\"><figure class=\"wp-block-media-text__media\"><img decoding=\"async\" src=\"https:\/\/www.tedic.org\/wp-content\/uploads\/2025\/05\/rocio.jpeg\" alt=\"\" class=\"wp-image-28929 size-full\"\/><\/figure><div class=\"wp-block-media-text__content\">\n<h3 class=\"wp-block-heading\">Roc\u00edo Ben\u00edtez de Descalzo<\/h3>\n\n\n\n<h4 class=\"wp-block-heading\"><strong>Administrator and accountant at TEDIC<\/strong><\/h4>\n\n\n\n<p>Degree in Accounting Sciences, graduated from the National University of Asuncion, with more than 29 years of experience in the administrative and accounting area of civil society organizations and foreign cooperation agencies.<br \/>Project auditor in several non-profit organizations.<\/p>\n\n\n\n<p><br \/>Her reputation is based on fundamental values such as: honesty, commitment and high level of professionalism, her style is distinguished by a simple and collaborative attitude.<\/p>\n<\/div><\/div>\n\n\n\n<p><\/p>\n\n\n\n<div class=\"wp-block-media-text alignwide is-stacked-on-mobile\"><figure class=\"wp-block-media-text__media\"><img decoding=\"async\" src=\"https:\/\/www.tedic.org\/wp-content\/uploads\/2025\/05\/cyn.jpeg\" alt=\"\" class=\"wp-image-28931 size-full\"\/><\/figure><div class=\"wp-block-media-text__content\">\n<h3 class=\"wp-block-heading\">Cynthia Bar\u00faa<\/h3>\n\n\n\n<h4 class=\"wp-block-heading\"><strong><\/strong><strong>Head of Administrative Operations<\/strong><\/h4>\n\n\n\n<p>Accountant graduated from the National University of Asunci\u00f3n and Comercial Engineering student and the American University of Asunci\u00f3n.<\/p>\n\n\n\n<p>Specialist in operations of Non-Governmental Organizations (NGOs). Cynthia has experience in accounting and business and organizational administration.<\/p>\n\n\n\n<p>She places high value in the respect and defense of Human Rights and condemns all types of discrimination.<\/p>\n<\/div><\/div>\n\n\n\n<div class=\"wp-block-media-text alignwide is-stacked-on-mobile\"><figure class=\"wp-block-media-text__media\"><img decoding=\"async\" src=\"https:\/\/www.tedic.org\/wp-content\/uploads\/2025\/05\/maricel.jpeg\" alt=\"\" class=\"wp-image-28933 size-full\"\/><\/figure><div class=\"wp-block-media-text__content\">\n<h3 class=\"wp-block-heading\">Maricel Achucarro<\/h3>\n\n\n\n<h4 class=\"wp-block-heading\"><strong><\/strong><strong>Project Assistant<\/strong><\/h4>\n\n\n\n<p>International Relations undergraduate student with solid experience in volunteering. She has collaborated with major organizations in resource management and strategic partnerships, as well as in the coordination and leadership of diverse volunteer groups.<\/p>\n\n\n\n<p>She is especially interested in social and environmental causes. In her various projects, she aims to create inclusive spaces for everyone.<\/p>\n<\/div><\/div>\n\n\n\n<div class=\"wp-block-media-text alignwide is-stacked-on-mobile\"><figure class=\"wp-block-media-text__media\"><img decoding=\"async\" src=\"https:\/\/www.tedic.org\/wp-content\/uploads\/2025\/10\/Diseno-sin-titulo7.png\" alt=\"\" class=\"wp-image-30370 size-full\"\/><\/figure><div class=\"wp-block-media-text__content\">\n<h3 class=\"wp-block-heading\">Romina Aquino Gonz\u00e1lez<\/h3>\n\n\n\n<h4 class=\"wp-block-heading\"><strong>Communications Coordinator<\/strong><\/h4>\n\n\n\n<p>Journalist, writer, and collagist, specializing in social and cultural issues with a gender and human rights perspective.<\/p>\n\n\n\n<p>She was one of the writers of <em>Ventanas Abiertas<\/em>, the essential report of the Truth and Justice Commission on the dictatorship in Paraguay. She is part of Emancipa Paraguay\u2013Revista Emancipa and a member of the 8th Generation of the LATAM Network of Young Journalists.<\/p>\n<\/div><\/div>\n\n\n\n<div class=\"wp-block-media-text alignwide is-stacked-on-mobile\"><figure class=\"wp-block-media-text__media\"><img decoding=\"async\" src=\"https:\/\/www.tedic.org\/wp-content\/uploads\/2025\/10\/Diseno-sin-titulo8.png\" alt=\"\" class=\"wp-image-30367 size-full\"\/><\/figure><div class=\"wp-block-media-text__content\">\n<h3 class=\"wp-block-heading\">Jazm\u00edn Coronel Bejarano<\/h3>\n\n\n\n<h4 class=\"wp-block-heading\"><strong>Digital Communication, Social Media, and Analytics Officer<\/strong><\/h4>\n\n\n\n<p>Multidisciplinary artist and Art Coordinator at the women\u2019s organization Emancipa Paraguay.<\/p>\n\n\n\n<p>She has participated in various artistic residencies and both group and solo exhibitions. Her work revolves around the intersection of communication and art, politics (public space, gender), and technology.<\/p>\n\n\n\n<p>She has completed specialized training in Spain, S\u00e3o Paulo, and at the University of C\u00f3rdoba.<\/p>\n<\/div><\/div>\n<\/div>\n<\/div>\n<\/div>\n<\/div>\n\n\n\n<p><\/p>\n\n\n\n<h2 class=\"wp-block-heading\">Consultants<\/h2>\n\n\n\n<div class=\"wp-block-columns is-layout-flex wp-container-core-columns-is-layout-9d6595d7 wp-block-columns-is-layout-flex\">\n<div class=\"wp-block-column is-layout-flow wp-block-column-is-layout-flow\">\n<p>Lupa<br \/><em>Technology consultant<\/em><\/p>\n\n\n\n<p>Horacio Oteiza<br \/><em>Head of layout and design<\/em><\/p>\n\n\n\n<p>Ivanna Serrati<br \/><em>Design and video editing<\/em><\/p>\n<\/div>\n\n\n\n<div class=\"wp-block-column is-layout-flow wp-block-column-is-layout-flow\">\n<p>Guillermo Martinez<br \/><em>Programmer<\/em><\/p>\n\n\n\n<p>Eduardo Carrillo<br \/><em>Public policy consultant<\/em><\/p>\n<\/div>\n<\/div>\n\n\n\n<h2 class=\"wp-block-heading\">Board<\/h2>\n\n\n\n<div class=\"wp-block-columns is-layout-flex wp-container-core-columns-is-layout-9d6595d7 wp-block-columns-is-layout-flex\">\n<div class=\"wp-block-column is-layout-flow wp-block-column-is-layout-flow\">\n<p>Chiara Merlo<br \/><em>President<\/em><\/p>\n\n\n\n<p>Tom\u00e1s E. Cardozo<br \/><em>Secretary<\/em><\/p>\n\n\n\n<p>Ana Alice Vera<br \/><em>Treasurer<\/em><\/p>\n<\/div>\n\n\n\n<div class=\"wp-block-column is-layout-flow wp-block-column-is-layout-flow\">\n<p>Olga Caballero<br \/><em>Vice-president<\/em><\/p>\n\n\n\n<p>Diego Veron de Astrada<br \/><em>Deputy<\/em><\/p>\n\n\n\n<p>Enrique Gim\u00e9nez<br \/>Trustee<\/p>\n<\/div>\n<\/div>\n\n\n\n<h2 class=\"wp-block-heading\">Internship\/fellowship at TEDIC<\/h2>\n\n\n\n<p>Sam Meeson-Frizelle &#8211; University College Londo (UCL) &#8211; England &#8211; 2024-2025<\/p>\n\n\n\n<p>Marcelo Benitez &#8211; Fundaci\u00f3n Bot\u00edn &#8211; Espa\u00f1a &#8211; 2024<\/p>\n\n\n\n<p>Narjis Rahouti &#8211; University of Twente &#8211; Netherlands &#8211; 2021-2022<\/p>\n\n\n\n<p>Gasia Korikian &#8211; University of Twente &#8211; Netherlands &#8211; 2021-2022<\/p>\n\n\n\n<p>Hugo Mendieta Cuevas &#8211; Programa Estado de Derechos y Cultural de la Integridad &#8211; Instituto de Desarrollo &#8211; Paraguay &#8211; 2022<\/p>\n\n\n\n<p>Melvin Alonso &#8211; Tecnol\u00f3gico de de Costa Rica (TEC) &#8211; Costa Rica &#8211; 2016<\/p>\n","protected":false},"excerpt":{"rendered":"<p>Maricarmen Sequera Executive director at TEDIC Lawyer, Master&#8217;s degree in Intellectual Property from FLACSO Argentina. Specialist in Cybersecurity from the [&hellip;]<\/p>\n","protected":false},"author":1,"featured_media":0,"parent":0,"menu_order":0,"comment_status":"closed","ping_status":"closed","template":"","meta":{"inline_featured_image":false,"footnotes":""},"class_list":["post-17524","page","type-page","status-publish","hentry"],"_links":{"self":[{"href":"https:\/\/www.tedic.org\/en\/wp-json\/wp\/v2\/pages\/17524","targetHints":{"allow":["GET"]}}],"collection":[{"href":"https:\/\/www.tedic.org\/en\/wp-json\/wp\/v2\/pages"}],"about":[{"href":"https:\/\/www.tedic.org\/en\/wp-json\/wp\/v2\/types\/page"}],"author":[{"embeddable":true,"href":"https:\/\/www.tedic.org\/en\/wp-json\/wp\/v2\/users\/1"}],"replies":[{"embeddable":true,"href":"https:\/\/www.tedic.org\/en\/wp-json\/wp\/v2\/comments?post=17524"}],"version-history":[{"count":39,"href":"https:\/\/www.tedic.org\/en\/wp-json\/wp\/v2\/pages\/17524\/revisions"}],"predecessor-version":[{"id":31371,"href":"https:\/\/www.tedic.org\/en\/wp-json\/wp\/v2\/pages\/17524\/revisions\/31371"}],"wp:attachment":[{"href":"https:\/\/www.tedic.org\/en\/wp-json\/wp\/v2\/media?parent=17524"}],"curies":[{"name":"wp","href":"https:\/\/api.w.org\/{rel}","templated":true}]}}