{"id":17627,"date":"2022-07-16T19:34:56","date_gmt":"2022-07-16T23:34:56","guid":{"rendered":"https:\/\/www.tedic.org\/?page_id=17627"},"modified":"2026-03-30T18:08:56","modified_gmt":"2026-03-30T21:08:56","slug":"acknowledgments","status":"publish","type":"page","link":"https:\/\/www.tedic.org\/en\/acknowledgments\/","title":{"rendered":"Acknowledgments"},"content":{"rendered":"\n<p><\/p>\n\n\n\n<div class=\"wp-block-columns two-columns is-layout-flex wp-container-core-columns-is-layout-9d6595d7 wp-block-columns-is-layout-flex\">\n<div class=\"wp-block-column is-layout-flow wp-block-column-is-layout-flow\">\n<div class=\"wp-block-media-text alignwide is-stacked-on-mobile\" style=\"grid-template-columns:31% auto\"><figure class=\"wp-block-media-text__media\"><img loading=\"lazy\" decoding=\"async\" width=\"800\" height=\"800\" src=\"https:\/\/www.tedic.org\/wp-content\/uploads\/2022\/09\/pngegg.png\" alt=\"\" class=\"wp-image-18331 size-full\" srcset=\"https:\/\/www.tedic.org\/wp-content\/uploads\/2022\/09\/pngegg.png 800w, https:\/\/www.tedic.org\/wp-content\/uploads\/2022\/09\/pngegg-300x300.png 300w, https:\/\/www.tedic.org\/wp-content\/uploads\/2022\/09\/pngegg-150x150.png 150w, https:\/\/www.tedic.org\/wp-content\/uploads\/2022\/09\/pngegg-768x768.png 768w, https:\/\/www.tedic.org\/wp-content\/uploads\/2022\/09\/pngegg-120x120.png 120w\" sizes=\"auto, (max-width: 800px) 100vw, 800px\" \/><\/figure><div class=\"wp-block-media-text__content\">\n<h4 class=\"wp-block-heading\">Ibero-American Award for Human Rights Education \u201c\u00d3scar Arnulfo Romero\u201d 2026<\/h4>\n\n\n\n<p>The 6th Edition of the Ibero-American Award for Human Rights Education \u201c\u00d3scar Arnulfo Romero\u201d recognizes TEDIC for its project \u201cMy Data, My Rights.\u201d In acknowledgment of its outstanding work in advancing and supporting the enactment of the Personal Data Protection Law, the national jury awarded it an honorable mention, recognizing its valuable contribution to human rights education.<\/p>\n<\/div><\/div>\n\n\n\n<div class=\"wp-block-media-text alignwide is-stacked-on-mobile\" style=\"grid-template-columns:31% auto\"><figure class=\"wp-block-media-text__media\"><img loading=\"lazy\" decoding=\"async\" width=\"800\" height=\"800\" src=\"https:\/\/www.tedic.org\/wp-content\/uploads\/2022\/09\/pngegg.png\" alt=\"\" class=\"wp-image-18331 size-full\" srcset=\"https:\/\/www.tedic.org\/wp-content\/uploads\/2022\/09\/pngegg.png 800w, https:\/\/www.tedic.org\/wp-content\/uploads\/2022\/09\/pngegg-300x300.png 300w, https:\/\/www.tedic.org\/wp-content\/uploads\/2022\/09\/pngegg-150x150.png 150w, https:\/\/www.tedic.org\/wp-content\/uploads\/2022\/09\/pngegg-768x768.png 768w, https:\/\/www.tedic.org\/wp-content\/uploads\/2022\/09\/pngegg-120x120.png 120w\" sizes=\"auto, (max-width: 800px) 100vw, 800px\" \/><\/figure><div class=\"wp-block-media-text__content\">\n<h4 class=\"wp-block-heading\">Tech Diplomacy Global 50 Award 2025<\/h4>\n\n\n\n<p>Our Executive Director, Maricarmen Sequera, was recognized for her activism through TEDIC with this award, which honors the world\u2019s most influential leaders driving responsible technology policies, digital governance, and international cooperation in the era of artificial intelligence, cybersecurity, and digital transformation.<\/p>\n<\/div><\/div>\n\n\n\n<div class=\"wp-block-media-text alignwide is-stacked-on-mobile\" style=\"grid-template-columns:31% auto\"><figure class=\"wp-block-media-text__media\"><img loading=\"lazy\" decoding=\"async\" width=\"800\" height=\"800\" src=\"https:\/\/www.tedic.org\/wp-content\/uploads\/2022\/09\/pngegg.png\" alt=\"\" class=\"wp-image-18331 size-full\" srcset=\"https:\/\/www.tedic.org\/wp-content\/uploads\/2022\/09\/pngegg.png 800w, https:\/\/www.tedic.org\/wp-content\/uploads\/2022\/09\/pngegg-300x300.png 300w, https:\/\/www.tedic.org\/wp-content\/uploads\/2022\/09\/pngegg-150x150.png 150w, https:\/\/www.tedic.org\/wp-content\/uploads\/2022\/09\/pngegg-768x768.png 768w, https:\/\/www.tedic.org\/wp-content\/uploads\/2022\/09\/pngegg-120x120.png 120w\" sizes=\"auto, (max-width: 800px) 100vw, 800px\" \/><\/figure><div class=\"wp-block-media-text__content\">\n<h4 class=\"wp-block-heading\">Juana Manso Award 2024<\/h4>\n\n\n\n<p>First place in the Podcast category for our series &#8220;\u00d1e&#8217;\u00ea \u00f1embohasa: asar la voz&#8221;, produced in collaboration with Ku\u00f1a Aty, a women&#8217;s committee of T\u00e1va Guaran\u00ed and the Association for Progress in Communications.<\/p>\n<\/div><\/div>\n\n\n\n<div class=\"wp-block-media-text alignwide is-stacked-on-mobile\" style=\"grid-template-columns:31% auto\"><figure class=\"wp-block-media-text__media\"><img loading=\"lazy\" decoding=\"async\" width=\"800\" height=\"800\" src=\"https:\/\/www.tedic.org\/wp-content\/uploads\/2022\/09\/pngegg.png\" alt=\"\" class=\"wp-image-18331 size-full\" srcset=\"https:\/\/www.tedic.org\/wp-content\/uploads\/2022\/09\/pngegg.png 800w, https:\/\/www.tedic.org\/wp-content\/uploads\/2022\/09\/pngegg-300x300.png 300w, https:\/\/www.tedic.org\/wp-content\/uploads\/2022\/09\/pngegg-150x150.png 150w, https:\/\/www.tedic.org\/wp-content\/uploads\/2022\/09\/pngegg-768x768.png 768w, https:\/\/www.tedic.org\/wp-content\/uploads\/2022\/09\/pngegg-120x120.png 120w\" sizes=\"auto, (max-width: 800px) 100vw, 800px\" \/><\/figure><div class=\"wp-block-media-text__content\">\n<h4 class=\"wp-block-heading\">Peter Benenson 2022 Awards &#8211; Amnesty International Paraguay<\/h4>\n\n\n\n<p>Special Mention to TEDIC in recognition of the work carried out on digital rights in favour of a free culture on the internet in Paraguay in the year 2022.<\/p>\n<\/div><\/div>\n\n\n\n<div class=\"wp-block-media-text alignwide is-stacked-on-mobile\" style=\"grid-template-columns:31% auto\"><figure class=\"wp-block-media-text__media\"><img loading=\"lazy\" decoding=\"async\" width=\"800\" height=\"800\" src=\"https:\/\/www.tedic.org\/wp-content\/uploads\/2022\/09\/pngegg.png\" alt=\"\" class=\"wp-image-18331 size-full\" srcset=\"https:\/\/www.tedic.org\/wp-content\/uploads\/2022\/09\/pngegg.png 800w, https:\/\/www.tedic.org\/wp-content\/uploads\/2022\/09\/pngegg-300x300.png 300w, https:\/\/www.tedic.org\/wp-content\/uploads\/2022\/09\/pngegg-150x150.png 150w, https:\/\/www.tedic.org\/wp-content\/uploads\/2022\/09\/pngegg-768x768.png 768w, https:\/\/www.tedic.org\/wp-content\/uploads\/2022\/09\/pngegg-120x120.png 120w\" sizes=\"auto, (max-width: 800px) 100vw, 800px\" \/><\/figure><div class=\"wp-block-media-text__content\">\n<h4 class=\"wp-block-heading\">Peter Benenson 2015 Awards &#8211; Amnesty International Paraguay<\/h4>\n\n\n\n<p>Special Mention to TEDIC in recognition of the work carried out on digital rights in favour of a free culture on the internet in Paraguay in the year 2015.<\/p>\n<\/div><\/div>\n\n\n\n<div class=\"wp-block-media-text alignwide is-stacked-on-mobile\" style=\"grid-template-columns:31% auto\"><figure class=\"wp-block-media-text__media\"><img loading=\"lazy\" decoding=\"async\" width=\"800\" height=\"800\" src=\"https:\/\/www.tedic.org\/wp-content\/uploads\/2022\/09\/pngegg-2.png\" alt=\"\" class=\"wp-image-18337 size-full\" srcset=\"https:\/\/www.tedic.org\/wp-content\/uploads\/2022\/09\/pngegg-2.png 800w, https:\/\/www.tedic.org\/wp-content\/uploads\/2022\/09\/pngegg-2-300x300.png 300w, https:\/\/www.tedic.org\/wp-content\/uploads\/2022\/09\/pngegg-2-150x150.png 150w, https:\/\/www.tedic.org\/wp-content\/uploads\/2022\/09\/pngegg-2-768x768.png 768w, https:\/\/www.tedic.org\/wp-content\/uploads\/2022\/09\/pngegg-2-120x120.png 120w\" sizes=\"auto, (max-width: 800px) 100vw, 800px\" \/><\/figure><div class=\"wp-block-media-text__content\">\n<h4 class=\"wp-block-heading\">Le Prix des droits de l\u2019Homme de la R\u00e9publique fran\u00e7aise \u00ab Libert\u00e9 \u2013 \u00c9galit\u00e9 \u2013 Fraternit\u00e9\u00bb <\/h4>\n\n\n\n<p>Honorable Mention for the #Pyrawebs campaign in defense of human rights on the Internet.<\/p>\n<\/div><\/div>\n\n\n\n<div class=\"wp-block-media-text alignwide is-stacked-on-mobile\" style=\"grid-template-columns:31% auto\"><figure class=\"wp-block-media-text__media\"><img loading=\"lazy\" decoding=\"async\" width=\"800\" height=\"800\" src=\"https:\/\/www.tedic.org\/wp-content\/uploads\/2022\/09\/pngegg-4.png\" alt=\"\" class=\"wp-image-18341 size-full\" srcset=\"https:\/\/www.tedic.org\/wp-content\/uploads\/2022\/09\/pngegg-4.png 800w, https:\/\/www.tedic.org\/wp-content\/uploads\/2022\/09\/pngegg-4-300x300.png 300w, https:\/\/www.tedic.org\/wp-content\/uploads\/2022\/09\/pngegg-4-150x150.png 150w, https:\/\/www.tedic.org\/wp-content\/uploads\/2022\/09\/pngegg-4-768x768.png 768w, https:\/\/www.tedic.org\/wp-content\/uploads\/2022\/09\/pngegg-4-120x120.png 120w\" sizes=\"auto, (max-width: 800px) 100vw, 800px\" \/><\/figure><div class=\"wp-block-media-text__content\">\n<h4 class=\"wp-block-heading\">SocialTIC 2019 \u2013 \u201cThe best of Latin American infoactivism\u201d<\/h4>\n\n\n\n<p>Defensores: Best project linking government and citizens.<\/p>\n<\/div><\/div>\n\n\n\n<div class=\"wp-block-media-text alignwide is-stacked-on-mobile\" style=\"grid-template-columns:31% auto\"><figure class=\"wp-block-media-text__media\"><img loading=\"lazy\" decoding=\"async\" width=\"800\" height=\"800\" src=\"https:\/\/www.tedic.org\/wp-content\/uploads\/2022\/09\/pngegg-4.png\" alt=\"\" class=\"wp-image-18341 size-full\" srcset=\"https:\/\/www.tedic.org\/wp-content\/uploads\/2022\/09\/pngegg-4.png 800w, https:\/\/www.tedic.org\/wp-content\/uploads\/2022\/09\/pngegg-4-300x300.png 300w, https:\/\/www.tedic.org\/wp-content\/uploads\/2022\/09\/pngegg-4-150x150.png 150w, https:\/\/www.tedic.org\/wp-content\/uploads\/2022\/09\/pngegg-4-768x768.png 768w, https:\/\/www.tedic.org\/wp-content\/uploads\/2022\/09\/pngegg-4-120x120.png 120w\" sizes=\"auto, (max-width: 800px) 100vw, 800px\" \/><\/figure><div class=\"wp-block-media-text__content\">\n<h4 class=\"wp-block-heading\">SocialTIC 2015 \u2013 \u201cThe best of Latin American infoactivism\u201d<\/h4>\n\n\n\n<p>Best project linking government and citizens for the campaign &#8220;Pyrawebs&#8221;.<\/p>\n<\/div><\/div>\n<\/div>\n\n\n\n<div class=\"wp-block-column is-layout-flow wp-block-column-is-layout-flow\">\n<div class=\"wp-block-media-text alignwide is-stacked-on-mobile\" style=\"grid-template-columns:34% auto\"><figure class=\"wp-block-media-text__media\"><img loading=\"lazy\" decoding=\"async\" width=\"800\" height=\"800\" src=\"https:\/\/www.tedic.org\/wp-content\/uploads\/2022\/09\/pngegg-1.png\" alt=\"\" class=\"wp-image-18334 size-full\" srcset=\"https:\/\/www.tedic.org\/wp-content\/uploads\/2022\/09\/pngegg-1.png 800w, https:\/\/www.tedic.org\/wp-content\/uploads\/2022\/09\/pngegg-1-300x300.png 300w, https:\/\/www.tedic.org\/wp-content\/uploads\/2022\/09\/pngegg-1-150x150.png 150w, https:\/\/www.tedic.org\/wp-content\/uploads\/2022\/09\/pngegg-1-768x768.png 768w, https:\/\/www.tedic.org\/wp-content\/uploads\/2022\/09\/pngegg-1-120x120.png 120w\" sizes=\"auto, (max-width: 800px) 100vw, 800px\" \/><\/figure><div class=\"wp-block-media-text__content\">\n<h4 class=\"wp-block-heading\">ODS 2022 Award<\/h4>\n\n\n\n<p>Awarded for the campaign &#8220;Digital Violence is Real&#8221; in pursuit of the sustainable development of Paraguay.<\/p>\n<\/div><\/div>\n\n\n\n<div class=\"wp-block-media-text alignwide is-stacked-on-mobile\" style=\"grid-template-columns:34% auto\"><figure class=\"wp-block-media-text__media\"><img loading=\"lazy\" decoding=\"async\" width=\"800\" height=\"800\" src=\"https:\/\/www.tedic.org\/wp-content\/uploads\/2022\/09\/pngegg-1.png\" alt=\"\" class=\"wp-image-18334 size-full\" srcset=\"https:\/\/www.tedic.org\/wp-content\/uploads\/2022\/09\/pngegg-1.png 800w, https:\/\/www.tedic.org\/wp-content\/uploads\/2022\/09\/pngegg-1-300x300.png 300w, https:\/\/www.tedic.org\/wp-content\/uploads\/2022\/09\/pngegg-1-150x150.png 150w, https:\/\/www.tedic.org\/wp-content\/uploads\/2022\/09\/pngegg-1-768x768.png 768w, https:\/\/www.tedic.org\/wp-content\/uploads\/2022\/09\/pngegg-1-120x120.png 120w\" sizes=\"auto, (max-width: 800px) 100vw, 800px\" \/><\/figure><div class=\"wp-block-media-text__content\">\n<h4 class=\"wp-block-heading\">EQUAL awards in Tech <\/h4>\n\n\n\n<p><em>Finalists in the research category<\/em>: research on legal responses to victims of digital gender violence on the non-consensual dissemination of intimate images on the Internet in Paraguay.<\/p>\n<\/div><\/div>\n\n\n\n<div class=\"wp-block-media-text alignwide is-stacked-on-mobile\" style=\"grid-template-columns:34% auto\"><figure class=\"wp-block-media-text__media\"><img loading=\"lazy\" decoding=\"async\" width=\"800\" height=\"800\" src=\"https:\/\/www.tedic.org\/wp-content\/uploads\/2022\/09\/pngegg-3.png\" alt=\"\" class=\"wp-image-18339 size-full\" srcset=\"https:\/\/www.tedic.org\/wp-content\/uploads\/2022\/09\/pngegg-3.png 800w, https:\/\/www.tedic.org\/wp-content\/uploads\/2022\/09\/pngegg-3-300x300.png 300w, https:\/\/www.tedic.org\/wp-content\/uploads\/2022\/09\/pngegg-3-150x150.png 150w, https:\/\/www.tedic.org\/wp-content\/uploads\/2022\/09\/pngegg-3-768x768.png 768w, https:\/\/www.tedic.org\/wp-content\/uploads\/2022\/09\/pngegg-3-120x120.png 120w\" sizes=\"auto, (max-width: 800px) 100vw, 800px\" \/><\/figure><div class=\"wp-block-media-text__content\">\n<h4 class=\"wp-block-heading\">National Preventive Mechanism against Torture (NPM)<\/h4>\n\n\n\n<p>Recognition to people and institutions that stood out for their contribution to the prevention of torture 2019.<\/p>\n<\/div><\/div>\n\n\n\n<div class=\"wp-block-media-text alignwide is-stacked-on-mobile\" style=\"grid-template-columns:34% auto\"><figure class=\"wp-block-media-text__media\"><img loading=\"lazy\" decoding=\"async\" width=\"800\" height=\"800\" src=\"https:\/\/www.tedic.org\/wp-content\/uploads\/2022\/09\/pngegg-5.png\" alt=\"\" class=\"wp-image-18343 size-full\" srcset=\"https:\/\/www.tedic.org\/wp-content\/uploads\/2022\/09\/pngegg-5.png 800w, https:\/\/www.tedic.org\/wp-content\/uploads\/2022\/09\/pngegg-5-300x300.png 300w, https:\/\/www.tedic.org\/wp-content\/uploads\/2022\/09\/pngegg-5-150x150.png 150w, https:\/\/www.tedic.org\/wp-content\/uploads\/2022\/09\/pngegg-5-768x768.png 768w, https:\/\/www.tedic.org\/wp-content\/uploads\/2022\/09\/pngegg-5-120x120.png 120w\" sizes=\"auto, (max-width: 800px) 100vw, 800px\" \/><\/figure><div class=\"wp-block-media-text__content\">\n<h4 class=\"wp-block-heading\">SocialTIC 2017 \u2013 \u201cSpecial mention for LATAM advocacy campaign\u201d<\/h4>\n\n\n\n<p>For the campaigns &#8220;The return of the pyrawebs&#8221; and &#8220;Gender violence on the Internet is real&#8221;.<\/p>\n<\/div><\/div>\n\n\n\n<div class=\"wp-block-media-text alignwide is-stacked-on-mobile\" style=\"grid-template-columns:34% auto\"><figure class=\"wp-block-media-text__media\"><img loading=\"lazy\" decoding=\"async\" width=\"800\" height=\"800\" src=\"https:\/\/www.tedic.org\/wp-content\/uploads\/2022\/09\/pngegg-5.png\" alt=\"\" class=\"wp-image-18343 size-full\" srcset=\"https:\/\/www.tedic.org\/wp-content\/uploads\/2022\/09\/pngegg-5.png 800w, https:\/\/www.tedic.org\/wp-content\/uploads\/2022\/09\/pngegg-5-300x300.png 300w, https:\/\/www.tedic.org\/wp-content\/uploads\/2022\/09\/pngegg-5-150x150.png 150w, https:\/\/www.tedic.org\/wp-content\/uploads\/2022\/09\/pngegg-5-768x768.png 768w, https:\/\/www.tedic.org\/wp-content\/uploads\/2022\/09\/pngegg-5-120x120.png 120w\" sizes=\"auto, (max-width: 800px) 100vw, 800px\" \/><\/figure><div class=\"wp-block-media-text__content\">\n<h4 class=\"wp-block-heading\">2015 &#8220;Heroines&#8221; Award &#8211; Access Now<\/h4>\n\n\n\n<p>To the work of Maricarmen Sequera, co-director of TEDIC in defense of human rights on the Internet.<\/p>\n<\/div><\/div>\n<\/div>\n<\/div>\n","protected":false},"excerpt":{"rendered":"<p>Ibero-American Award for Human Rights Education \u201c\u00d3scar Arnulfo Romero\u201d 2026 The 6th Edition of the Ibero-American Award for Human Rights [&hellip;]<\/p>\n","protected":false},"author":1,"featured_media":0,"parent":0,"menu_order":0,"comment_status":"closed","ping_status":"closed","template":"","meta":{"inline_featured_image":false,"footnotes":""},"class_list":["post-17627","page","type-page","status-publish","hentry"],"_links":{"self":[{"href":"https:\/\/www.tedic.org\/en\/wp-json\/wp\/v2\/pages\/17627","targetHints":{"allow":["GET"]}}],"collection":[{"href":"https:\/\/www.tedic.org\/en\/wp-json\/wp\/v2\/pages"}],"about":[{"href":"https:\/\/www.tedic.org\/en\/wp-json\/wp\/v2\/types\/page"}],"author":[{"embeddable":true,"href":"https:\/\/www.tedic.org\/en\/wp-json\/wp\/v2\/users\/1"}],"replies":[{"embeddable":true,"href":"https:\/\/www.tedic.org\/en\/wp-json\/wp\/v2\/comments?post=17627"}],"version-history":[{"count":8,"href":"https:\/\/www.tedic.org\/en\/wp-json\/wp\/v2\/pages\/17627\/revisions"}],"predecessor-version":[{"id":31627,"href":"https:\/\/www.tedic.org\/en\/wp-json\/wp\/v2\/pages\/17627\/revisions\/31627"}],"wp:attachment":[{"href":"https:\/\/www.tedic.org\/en\/wp-json\/wp\/v2\/media?parent=17627"}],"curies":[{"name":"wp","href":"https:\/\/api.w.org\/{rel}","templated":true}]}}