	{"id":7139,"date":"2015-06-25T03:07:59","date_gmt":"2015-06-25T03:07:59","guid":{"rendered":"https:\/\/www.tedic.org\/que-hacemos\/"},"modified":"2026-03-30T18:14:23","modified_gmt":"2026-03-30T21:14:23","slug":"who-we-are","status":"publish","type":"page","link":"https:\/\/www.tedic.org\/en\/who-we-are\/","title":{"rendered":"Who we are"},"content":{"rendered":"\n<h2 class=\"wp-block-heading\">Legal information and brief history<\/h2>\n\n\n\n<p>The Association of Technology, Education, Development, Research, Communication (TEDIC) is an association with restricted capacity and without profit purposes with legal status No.: 246, folio 3059 dated 03\/04\/2012. created on March 26, 2012 in the city of Asuncion in the Republic of Paraguay.<\/p>\n\n\n\n<p>TEDIC was created by a group of people with multiple trajectories and backgrounds in different disciplines, who wanted to create and promote the shared goods and resources as well as common property with other collectives and groups. In the past years, the organization has strategically refined its approch in order to encompass the development of civic technology and defense of human rights on the Internet in persuit of a free culture.<\/p>\n\n\n\n<p>During the first years of the organization, its members dedicated half of their time in activities around free culture, such as the defense of cultural rights and knowledge through the Creative Commons licenses and its community in Paraguay. Later on, small projects that were financed by micro grants for the development of civic technology were added. Both innovative elements strengthened the organization to focus solely and exclusively on the fulfillment of its strategic action lines since 2015.<\/p>\n\n\n\n<h2 class=\"wp-block-heading\">Our alliances<\/h2>\n\n\n\t<!-- HTML de shortcode -->\n\t\n<section \n  id=\"pgb-12837\"\n  class=\"post-grid-block\" \n  x-data=\"{ openType: false, openLang: false, openSearch: false }\"\n  x-init=\"\n        def = {};\n    def.postType = 'post';\n    def.category = '1257';\n    def.category2 = 'none';\n    def.perPage = '31';\n    def.showDescription = '';\n    def.search = '';\n    def.lang = 'en';        pgb.registrer('12837', def);\n    console.log('en el init de 12837', def, pgb);\n    pgb['12837'].makeQuery();\n  \"\n>\n  <!-- title -->\n  \n  <!-- FILTERS -->\n    \n  <!-- POST LIST -->\n  <div class=\"post-grid-container\"><\/div>\n<\/section>\t\n\n\n<h2 class=\"wp-block-heading\">Transparency<\/h2>\n\n\n\n<p><a href=\"https:\/\/www.tedic.org\/wp-content\/uploads\/2025\/04\/INFORME-TEDIC-INSTITUCIONAL-2024.pdf\">2024 TEDIC&#8217;s Financial Annual Report<\/a> | <a href=\"https:\/\/www.tedic.org\/wp-content\/uploads\/2025\/07\/Memoria-TEDIC-2024-ENG.pdf\" data-type=\"attachment\" data-id=\"29429\">Annual report 2024<\/a><\/p>\n\n\n\n<p><a href=\"https:\/\/www.tedic.org\/wp-content\/uploads\/2023\/05\/Informe-de-Auditoria-Externa-al-31.12.22-firmada.pdf\">2023 TEDIC&#8217;s Financial Annual Report<\/a> | <a href=\"https:\/\/www.tedic.org\/wp-content\/uploads\/2025\/04\/Report-TEDIC-2023.pdf\">Annual report 2023<\/a><\/p>\n\n\n\n<p><a href=\"https:\/\/www.tedic.org\/wp-content\/uploads\/2023\/05\/Informe-de-Auditoria-Externa-al-31.12.22-firmada.pdf\">2022 TEDIC&#8217;s Financial Annual Report<\/a> | <a href=\"https:\/\/www.tedic.org\/wp-content\/uploads\/2023\/05\/Annual-Report-TEDIC-2022-EN_compressed-1.pdf\">Annual report 2022<\/a><\/p>\n\n\n\n<p><a href=\"https:\/\/www.tedic.org\/wp-content\/uploads\/2022\/05\/Informe_Financiero_Auditado_2021.pdf\">2021 TEDIC&#8217;s Financial Annual Report<\/a> | <a href=\"https:\/\/www.tedic.org\/wp-content\/uploads\/2023\/05\/Annual-repport-TEDIC-2021-EN.pdf\">Annual report 2021<\/a><\/p>\n\n\n\n<p><a href=\"https:\/\/www.tedic.org\/wp-content\/uploads\/2021\/04\/Informe_de_los_auditores_externos_Ejercicio_2020.pdf\">2020 TEDIC&#8217;s Financial Annual Report<\/a> | <a href=\"https:\/\/www.tedic.org\/wp-content\/uploads\/2021\/06\/Memoria-TEDIC-2020-EN.pdf\">Annual report and accounts 2020<\/a><\/p>\n\n\n\n<p><a href=\"https:\/\/www.tedic.org\/wp-content\/uploads\/2020\/05\/auditoria_externa_2019_conaudit_kreston.pdf\">2019 TEDIC&#8217;s Financial Annual Report<\/a><\/p>\n\n\n\n<p><a href=\"https:\/\/www.tedic.org\/wp-content\/uploads\/2019\/02\/Auditoria-externa-TEDIC-2018.pdf\">2018 TEDIC&#8217;s Financial Annual Report<\/a><\/p>\n\n\n\n<p><a href=\"\/wp-content\/uploads\/2018\/10\/auditor\u00eda-externa-TEDIC-2017.pdf\">2017 TEDIC&#8217;s Financial Annual Report<\/a><\/p>\n\n\n\n<p><a href=\"\/wp-content\/uploads\/2018\/10\/auditor\u00eda-externa-TEDIC-2016.pdf\">2016 TEDIC&#8217;s Financial Annual Report<\/a><\/p>\n\n\n\n<p><a href=\"\/wp-content\/uploads\/2018\/10\/auditor\u00eda-externa-TEDIC-2015.pdf&quot;\">2015 TEDIC&#8217;s Financial Annual Report<\/a><\/p>\n\n\n\n<h2 class=\"wp-block-heading\">Awards<\/h2>\n\n\n\n<p><strong>The 6th Edition of the Ibero-American Award for Human Rights Education \u201c\u00d3scar Arnulfo Romero\u201d <\/strong>recognizes TEDIC for its project \u201cMy Data, My Rights.\u201d In acknowledgment of its outstanding work in advancing and supporting the enactment of the Personal Data Protection Law, the national jury awarded it an honorable mention, recognizing its valuable contribution to human rights education.<\/p>\n\n\n\n<p><a href=\"https:\/\/tdgi.org\/tech-diplomacy-global-50-2026\/\" data-type=\"link\" data-id=\"https:\/\/tdgi.org\/tech-diplomacy-global-50-2026\/\">Tech Diplomacy Global 50 Award 2025<\/a> Our Executive Director, Maricarmen Sequera, was recognized for her leadership in technology and human rights. With this award, which honors the world\u2019s most influential leaders driving responsible technology policies, digital governance, and international cooperation in the era of artificial intelligence, cybersecurity, and digital transformation.<\/p>\n\n\n\n<p><a href=\"https:\/\/rosarionoticias.gob.ar\/page\/noticias\/id\/487490\/title\/Los-Premios-Juana-Manso-celebraron-25-a%C3%B1os-destacando-la-comunicaci%C3%B3n-con-perspectiva-de-g%C3%A9nero\">Juana Manso 2024 Award <\/a>&#8211; Communication with a Gender Perspective &#8211; First place in the Podcast category for our series &#8220;\u00d1e&#8217;\u00ea \u00f1embohasa: asar la voz&#8221;, produced in collaboration with Ku\u00f1a Aty, women&#8217;s committee of T\u00e1va Guaran\u00ed and the Association for Progress in Communications.<\/p>\n\n\n\n<p><a href=\"https:\/\/amnesty.org.py\/amnistia-internacional-entregara-reconocimientos-a-la-defensa-de-los-ddhh-a-la-laborperiodistica-y-al-activismo-destacado\/\">Peter Benenson Awards 2022 &#8211; Amnesty International Paraguay<\/a> \u2013 Special Mention to TEDIC in recognition of the work done on digital rights in favor of a free culture on the internet in Paraguay in 2022.<\/p>\n\n\n\n<p><a href=\"https:\/\/www.tedic.org\/reconocimiento-ods-buenas-practicas-para-el-desarrollo-sostenible-en-paraguay\/\">ODS 2022 Recognition &#8211; Good practices for sustainable development in Paraguay<\/a> &#8211; Awarded for the campaign &#8220;Digital Violence is Real&#8221; in pursuit of the sustainable development of Paraguay.<\/p>\n\n\n\n<p><a href=\"https:\/\/www.equalsintech.org\/post\/2021-equals-in-tech-awards-finalists\" target=\"_blank\" rel=\"noopener\">2021 EQUALS in Tech Awards Finalists in research category. Non-consensual dissemination of intimate images in Paraguay (Paraguay)<\/a>&nbsp;\u2013 Research into legal responses to victims of digital gender violence such as non-consensual dissemination of intimate images through mobile devices and the internet.<\/p>\n\n\n\n<p><a href=\"https:\/\/www.accessnow.org\/announcing-the-2015-heroes-villains-of-human-rights-and-communications-surveillance\/\">Heroin 2015 Access Now<\/a> \u2013 Internet Human Rights Defender<\/p>\n\n\n\n<p><a href=\"https:\/\/web.archive.org\/web\/20220118155953\/https:\/\/www.cncdh.fr\/node\/1304\">Le Prix des droits de l\u2019Homme de la R\u00e9publique fran\u00e7aise \u00ab Libert\u00e9 \u2013 \u00c9galit\u00e9 \u2013 Fraternit\u00e9\u00bb<\/a> 2015 \u2013 Honorable Mention to the #Pyrawebs campaign in defense of human rights on the Internet. <a href=\"https:\/\/www.tedic.org\/wp-content\/uploads\/2015\/06\/Correo-TEDIC.pdf\">Official Text<\/a>.<\/p>\n\n\n\n<p><a href=\"http:\/\/amnesty.org.py\/premios-peter-benenson-2015\/\">Peter Benenson Awards 2015 &#8211; Amnesty International Paraguay<\/a> \u2013 Special Mention to TEDIC in recognition of the work done on digital rights in favor of a free culture on the internet in Paraguay in 2015.<\/p>\n\n\n\n<p><a href=\"https:\/\/web.archive.org\/web\/20201029221811\/http:\/\/socialtic.org\/post\/134993232193\/lo-mejor-del-infoactivismo-latam-2015\">Best LATAM Advocacy Campaign 2015<\/a> \u2013 Pyrawebs Campaign first place &#8211; SocialTIC.<\/p>\n\n\n\n<p><a href=\"https:\/\/socialtic.org\/blog\/lo-mejor-del-infoactivismo-latinoamericano-2017\/\">Special mention to the LATAM 2017 advocacy campaign by SocialTIC\/infoactivist:<\/a> &#8220;The return of pyrawebs&#8221; and &#8220;Gender violence on the Internet is real&#8221;.<\/p>\n\n\n\n<p><a href=\"https:\/\/www.tedic.org\/tedic-recibe-reconocimiento-por-parte-del-mnp\/\">Recognition of individuals and institutions that stand out for their contribution to the prevention of torture 2019<\/a> \u2013 National Mechanism for the Prevention of Torture (MNP).<\/p>\n\n\n\n<p>Defensores, <a href=\"https:\/\/socialtic.org\/blog\/lo-mejor-del-infoactivismo-latinoamericano-2019\/#gobierno_ciudadania\">&#8220;Best project linking government and citizenship&#8221;<\/a> at &#8220;The best of Latin American infocactivism 2019&#8221; &#8211; SocialTIC.<\/p>\n","protected":false},"excerpt":{"rendered":"<p>Legal information and brief history The Association of Technology, Education, Development, Research, Communication (TEDIC) is an association with restricted capacity [&hellip;]<\/p>\n","protected":false},"author":1,"featured_media":0,"parent":0,"menu_order":0,"comment_status":"closed","ping_status":"closed","template":"","meta":{"inline_featured_image":false,"footnotes":""},"class_list":["post-7139","page","type-page","status-publish","hentry"],"_links":{"self":[{"href":"https:\/\/www.tedic.org\/en\/wp-json\/wp\/v2\/pages\/7139","targetHints":{"allow":["GET"]}}],"collection":[{"href":"https:\/\/www.tedic.org\/en\/wp-json\/wp\/v2\/pages"}],"about":[{"href":"https:\/\/www.tedic.org\/en\/wp-json\/wp\/v2\/types\/page"}],"author":[{"embeddable":true,"href":"https:\/\/www.tedic.org\/en\/wp-json\/wp\/v2\/users\/1"}],"replies":[{"embeddable":true,"href":"https:\/\/www.tedic.org\/en\/wp-json\/wp\/v2\/comments?post=7139"}],"version-history":[{"count":94,"href":"https:\/\/www.tedic.org\/en\/wp-json\/wp\/v2\/pages\/7139\/revisions"}],"predecessor-version":[{"id":31631,"href":"https:\/\/www.tedic.org\/en\/wp-json\/wp\/v2\/pages\/7139\/revisions\/31631"}],"wp:attachment":[{"href":"https:\/\/www.tedic.org\/en\/wp-json\/wp\/v2\/media?parent=7139"}],"curies":[{"name":"wp","href":"https:\/\/api.w.org\/{rel}","templated":true}]}}