{"id":7543,"date":"2018-07-20T19:40:19","date_gmt":"2018-07-20T23:40:19","guid":{"rendered":"https:\/\/www.tedic.org\/privacidad-y-datos-personales\/"},"modified":"2022-09-02T21:38:16","modified_gmt":"2022-09-03T01:38:16","slug":"privacidad-y-datos-personales-old","status":"publish","type":"page","link":"https:\/\/www.tedic.org\/en\/privacidad-y-datos-personales-old\/","title":{"rendered":"Privacidad y datos personales"},"content":{"rendered":"<p><!--themify_builder_static--><\/p>\n<p>Consideramos la privacidad en los entornos digitales como un derecho fundamental de las personas. Realizamos estudios, an\u00e1lisis e investigaci\u00f3n sobre la importancia de la protecci\u00f3n y seguridad de los datos, as\u00ed como la privacidad de las personas en diferentes contextos en Paraguay.&nbsp;<\/p>\n<ul>\n<li>\n<h4>Publicaciones<\/h4>\n<p>[themify_list_posts limit=&#8221;100&#8243; style=&#8221;grid4&#8243; order=&#8221;DESC&#8221; orderby=&#8221;date&#8221; image=&#8221;yes&#8221; image_w=&#8221;300&#8243; image_h=&#8221;300&#8243; image_size=&#8221;thumbnail&#8221; title=&#8221;yes&#8221; display=&#8221;excerpt&#8221; more_text=&#8221;M\u00e1s&#8230;&#8221; post_date=&#8221;yes&#8221; logic=&#8221;or&#8221; category=&#8221;647, 574&#8243; ]<\/p>\n<\/li>\n<li>\n<h4>Investigaciones<\/h4>\n<p>[ptb type=&#8221;investigacion&#8221; orderby=&#8221;date&#8221; order=&#8221;desc&#8221; masonry=&#8221;0&#8243; offset=&#8221;0&#8243; posts_per_page=&#8221;100&#8243; style=&#8221;grid2&#8243; logic=&#8221;or&#8221; ptb_tax_tipo=&#8221;datos-personales, privacidad&#8221;]<\/p>\n<\/li>\n<li>\n<h4>Eventos<\/h4>\n<p>[themify_event_posts limit=&#8221;100&#8243; style=&#8221;grid2&#8243; image_w=&#8221;300&#8243; image_h=&#8221;200&#8243; orderby=&#8221;event_date&#8221; order=&#8221;DES&#8221; category=&#8221;585, 584&#8243;]<\/p>\n<\/li>\n<li>\n<h4>Proyectos<\/h4>\n<p>[ptb type=&#8221;proyecto&#8221; orderby=&#8221;date&#8221; order=&#8221;desc&#8221; masonry=&#8221;0&#8243; offset=&#8221;0&#8243; posts_per_page=&#8221;100&#8243; style=&#8221;grid2&#8243; ptb_meta_proyecto_link_button_1_exist=&#8221;1&#8243; logic=&#8221;or&#8221; ptb_tax_tipo=&#8221;datos-personales, privacidad&#8221;]<\/p>\n<\/li>\n<\/ul>\n<p style=\"text-align: center;\">\u00bfNo encontraste lo que quer\u00edas? Prueba en realizar una <strong>b\u00fasqueda<\/strong>:<\/p>\n<form method=\"get\" id=\"searchform\" action=\"https:\/\/www.tedic.org\/\">\n<p> <input type=\"text\" name=\"s\" id=\"s\" title=\"Search\" value=\"\"\/>\n<\/p>\n<\/form>\n<p><!--\/themify_builder_static--><\/p>\n","protected":false},"excerpt":{"rendered":"<p>Consideramos la privacidad en los entornos digitales como un derecho fundamental de las personas. Realizamos estudios, an\u00e1lisis e investigaci\u00f3n sobre [&hellip;]<\/p>\n","protected":false},"author":1,"featured_media":0,"parent":0,"menu_order":0,"comment_status":"closed","ping_status":"closed","template":"","meta":{"inline_featured_image":false,"footnotes":""},"class_list":["post-7543","page","type-page","status-publish","hentry"],"_links":{"self":[{"href":"https:\/\/www.tedic.org\/en\/wp-json\/wp\/v2\/pages\/7543","targetHints":{"allow":["GET"]}}],"collection":[{"href":"https:\/\/www.tedic.org\/en\/wp-json\/wp\/v2\/pages"}],"about":[{"href":"https:\/\/www.tedic.org\/en\/wp-json\/wp\/v2\/types\/page"}],"author":[{"embeddable":true,"href":"https:\/\/www.tedic.org\/en\/wp-json\/wp\/v2\/users\/1"}],"replies":[{"embeddable":true,"href":"https:\/\/www.tedic.org\/en\/wp-json\/wp\/v2\/comments?post=7543"}],"version-history":[{"count":16,"href":"https:\/\/www.tedic.org\/en\/wp-json\/wp\/v2\/pages\/7543\/revisions"}],"predecessor-version":[{"id":16177,"href":"https:\/\/www.tedic.org\/en\/wp-json\/wp\/v2\/pages\/7543\/revisions\/16177"}],"wp:attachment":[{"href":"https:\/\/www.tedic.org\/en\/wp-json\/wp\/v2\/media?parent=7543"}],"curies":[{"name":"wp","href":"https:\/\/api.w.org\/{rel}","templated":true}]}}